{"id":6743,"date":"2025-03-11T14:48:34","date_gmt":"2025-03-11T14:48:34","guid":{"rendered":"https:\/\/www.enscasa.ma\/?page_id=6743"},"modified":"2025-10-22T09:36:58","modified_gmt":"2025-10-22T09:36:58","slug":"licence-deducation-specialite-enseignement-secondaire-sciences-physiques-et-chimiques","status":"publish","type":"page","link":"https:\/\/www.enscasa.ma\/?page_id=6743","title":{"rendered":"Licence d\u2019\u00e9ducation : Sp\u00e9cialit\u00e9 Enseignement Secondaire- Sciences Physiques et Chimiques"},"content":{"rendered":"","protected":false},"excerpt":{"rendered":"","protected":false},"author":2,"featured_media":0,"parent":0,"menu_order":0,"comment_status":"closed","ping_status":"closed","template":"","meta":{"footnotes":""},"class_list":["post-6743","page","type-page","status-publish","hentry"],"_links":{"self":[{"href":"https:\/\/www.enscasa.ma\/index.php?rest_route=\/wp\/v2\/pages\/6743","targetHints":{"allow":["GET"]}}],"collection":[{"href":"https:\/\/www.enscasa.ma\/index.php?rest_route=\/wp\/v2\/pages"}],"about":[{"href":"https:\/\/www.enscasa.ma\/index.php?rest_route=\/wp\/v2\/types\/page"}],"author":[{"embeddable":true,"href":"https:\/\/www.enscasa.ma\/index.php?rest_route=\/wp\/v2\/users\/2"}],"replies":[{"embeddable":true,"href":"https:\/\/www.enscasa.ma\/index.php?rest_route=%2Fwp%2Fv2%2Fcomments&post=6743"}],"version-history":[{"count":5,"href":"https:\/\/www.enscasa.ma\/index.php?rest_route=\/wp\/v2\/pages\/6743\/revisions"}],"predecessor-version":[{"id":7431,"href":"https:\/\/www.enscasa.ma\/index.php?rest_route=\/wp\/v2\/pages\/6743\/revisions\/7431"}],"wp:attachment":[{"href":"https:\/\/www.enscasa.ma\/index.php?rest_route=%2Fwp%2Fv2%2Fmedia&parent=6743"}],"curies":[{"name":"wp","href":"https:\/\/api.w.org\/{rel}","templated":true}]}}